{"id":1728,"date":"2017-11-30T14:12:46","date_gmt":"2017-11-30T13:12:46","guid":{"rendered":"https:\/\/svetmasina.com\/?page_id=1728"},"modified":"2017-11-30T14:12:46","modified_gmt":"2017-11-30T13:12:46","slug":"prodaja-polovnih-masina","status":"publish","type":"page","link":"https:\/\/svetmasina.com\/ru\/","title":{"rendered":"Prodaja Polovnih Ma\u0161ina"},"content":{"rendered":"<p>Prodaja i u uvoz novih i polovnih industrijskih ma\u0161ina svih vrsta. Preko 2.000 polovnih ma\u0161ina na lageru. Sve ma\u0161ine koje su na sajtu mogu se li\u010dno pogledati i testirati. Ukoliko \u017eelite da prona\u0111emo ma\u0161inu za vas, pozovite nas.<\/p>\n","protected":false},"excerpt":{"rendered":"<p>Prodaja i u uvoz novih i polovnih industrijskih ma\u0161ina svih [&hellip;]<\/p>\n","protected":false},"author":1,"featured_media":0,"parent":0,"menu_order":0,"comment_status":"closed","ping_status":"closed","template":"templates-new\/template-home.php","meta":{"_acf_changed":false,"footnotes":""},"class_list":["post-1728","page","type-page","status-publish","hentry"],"acf":[],"_links":{"self":[{"href":"https:\/\/svetmasina.com\/ru\/wp-json\/wp\/v2\/pages\/1728","targetHints":{"allow":["GET"]}}],"collection":[{"href":"https:\/\/svetmasina.com\/ru\/wp-json\/wp\/v2\/pages"}],"about":[{"href":"https:\/\/svetmasina.com\/ru\/wp-json\/wp\/v2\/types\/page"}],"author":[{"embeddable":true,"href":"https:\/\/svetmasina.com\/ru\/wp-json\/wp\/v2\/users\/1"}],"replies":[{"embeddable":true,"href":"https:\/\/svetmasina.com\/ru\/wp-json\/wp\/v2\/comments?post=1728"}],"version-history":[{"count":1,"href":"https:\/\/svetmasina.com\/ru\/wp-json\/wp\/v2\/pages\/1728\/revisions"}],"predecessor-version":[{"id":1729,"href":"https:\/\/svetmasina.com\/ru\/wp-json\/wp\/v2\/pages\/1728\/revisions\/1729"}],"wp:attachment":[{"href":"https:\/\/svetmasina.com\/ru\/wp-json\/wp\/v2\/media?parent=1728"}],"curies":[{"name":"wp","href":"https:\/\/api.w.org\/{rel}","templated":true}]}}